{"id":30,"date":"2024-01-25T12:20:44","date_gmt":"2024-01-25T12:20:44","guid":{"rendered":"https:\/\/liebiswiss.ch\/?page_id=30"},"modified":"2024-02-23T13:41:55","modified_gmt":"2024-02-23T13:41:55","slug":"links","status":"publish","type":"page","link":"https:\/\/liebiswiss.ch\/?page_id=30","title":{"rendered":"Links"},"content":{"rendered":"\t\t<div data-elementor-type=\"wp-page\" data-elementor-id=\"30\" class=\"elementor elementor-30\">\n\t\t\t\t<div class=\"elementor-element elementor-element-c0311c4 e-con-full e-flex e-con e-parent\" data-id=\"c0311c4\" data-element_type=\"container\" data-e-type=\"container\">\n\t\t\t\t<div class=\"elementor-element elementor-element-fd62c3e elementor-widget elementor-widget-heading\" data-id=\"fd62c3e\" data-element_type=\"widget\" data-e-type=\"widget\" data-widget_type=\"heading.default\">\n\t\t\t\t<div class=\"elementor-widget-container\">\n\t\t\t\t\t<h2 class=\"elementor-heading-title elementor-size-default\">Links<\/h2>\t\t\t\t<\/div>\n\t\t\t\t<\/div>\n\t\t\t\t<\/div>\n\t\t<div class=\"elementor-element elementor-element-5419655 e-con-full e-flex e-con e-parent\" data-id=\"5419655\" data-element_type=\"container\" data-e-type=\"container\">\n\t\t<div class=\"elementor-element elementor-element-c9624e8 e-con-full e-flex e-con e-child\" data-id=\"c9624e8\" data-element_type=\"container\" data-e-type=\"container\">\n\t\t\t\t<div class=\"elementor-element elementor-element-7bb1bea elementor-widget elementor-widget-image\" data-id=\"7bb1bea\" data-element_type=\"widget\" data-e-type=\"widget\" data-widget_type=\"image.default\">\n\t\t\t\t<div class=\"elementor-widget-container\">\n\t\t\t\t\t\t\t\t\t\t\t\t\t\t\t<img fetchpriority=\"high\" decoding=\"async\" width=\"640\" height=\"313\" src=\"https:\/\/liebiswiss.ch\/wp-content\/uploads\/2024\/02\/cropped-icecleantech_logo.png\" class=\"attachment-large size-large wp-image-142\" alt=\"\" srcset=\"https:\/\/liebiswiss.ch\/wp-content\/uploads\/2024\/02\/cropped-icecleantech_logo.png 954w, https:\/\/liebiswiss.ch\/wp-content\/uploads\/2024\/02\/cropped-icecleantech_logo-300x147.png 300w, https:\/\/liebiswiss.ch\/wp-content\/uploads\/2024\/02\/cropped-icecleantech_logo-768x375.png 768w\" sizes=\"(max-width: 640px) 100vw, 640px\" \/>\t\t\t\t\t\t\t\t\t\t\t\t\t\t\t<\/div>\n\t\t\t\t<\/div>\n\t\t\t\t<\/div>\n\t\t<div class=\"elementor-element elementor-element-ce37caa e-con-full e-flex e-con e-child\" data-id=\"ce37caa\" data-element_type=\"container\" data-e-type=\"container\">\n\t\t\t\t<div class=\"elementor-element elementor-element-b92ac38 elementor-widget elementor-widget-heading\" data-id=\"b92ac38\" data-element_type=\"widget\" data-e-type=\"widget\" data-widget_type=\"heading.default\">\n\t\t\t\t<div class=\"elementor-widget-container\">\n\t\t\t\t\t<h3 class=\"elementor-heading-title elementor-size-default\">IceCleantech GmbH<\/h3>\t\t\t\t<\/div>\n\t\t\t\t<\/div>\n\t\t\t\t<div class=\"elementor-element elementor-element-2215170 elementor-widget elementor-widget-text-editor\" data-id=\"2215170\" data-element_type=\"widget\" data-e-type=\"widget\" data-widget_type=\"text-editor.default\">\n\t\t\t\t<div class=\"elementor-widget-container\">\n\t\t\t\t\t\t\t\t\t<section class=\"has_eae_slider elementor-section elementor-top-section elementor-element elementor-element-09dc72d elementor-section-boxed elementor-section-height-default elementor-section-height-default\" data-id=\"09dc72d\" data-element_type=\"section\"><div class=\"elementor-container elementor-column-gap-default\"><div class=\"has_eae_slider elementor-column elementor-col-100 elementor-top-column elementor-element elementor-element-adaf8ab\" data-id=\"adaf8ab\" data-element_type=\"column\"><div class=\"elementor-widget-wrap elementor-element-populated\"><div class=\"elementor-element elementor-element-7687e7a elementor-widget elementor-widget-text-editor\" data-id=\"7687e7a\" data-element_type=\"widget\" data-widget_type=\"text-editor.default\"><div class=\"elementor-widget-container\"><div class=\"elementor-text-editor elementor-clearfix\"><p>Trockeneisstrahlen-Trockeneisreinigung, die schonende Methode f\u00fcr Holzbauten, denkmalgesch\u00fctzte Objekte und die Umwelt.<\/p><\/div><\/div><\/div><\/div><\/div><\/div><\/section>\t\t\t\t\t\t\t\t<\/div>\n\t\t\t\t<\/div>\n\t\t\t\t<div class=\"elementor-element elementor-element-d2d4c6d elementor-widget elementor-widget-button\" data-id=\"d2d4c6d\" data-element_type=\"widget\" data-e-type=\"widget\" data-widget_type=\"button.default\">\n\t\t\t\t<div class=\"elementor-widget-container\">\n\t\t\t\t\t\t\t\t\t<div class=\"elementor-button-wrapper\">\n\t\t\t\t\t<a class=\"elementor-button elementor-button-link elementor-size-sm\" href=\"https:\/\/icecleantech.ch\/\" target=\"_blank\">\n\t\t\t\t\t\t<span class=\"elementor-button-content-wrapper\">\n\t\t\t\t\t\t\t\t\t<span class=\"elementor-button-text\">Besuchen<\/span>\n\t\t\t\t\t<\/span>\n\t\t\t\t\t<\/a>\n\t\t\t\t<\/div>\n\t\t\t\t\t\t\t\t<\/div>\n\t\t\t\t<\/div>\n\t\t\t\t<\/div>\n\t\t<div class=\"elementor-element elementor-element-2c46b18 e-con-full e-flex e-con e-child\" data-id=\"2c46b18\" data-element_type=\"container\" data-e-type=\"container\">\n\t\t\t\t<div class=\"elementor-element elementor-element-8d55af3 elementor-widget elementor-widget-text-editor\" data-id=\"8d55af3\" data-element_type=\"widget\" data-e-type=\"widget\" data-widget_type=\"text-editor.default\">\n\t\t\t\t<div class=\"elementor-widget-container\">\n\t\t\t\t\t\t\t\t\t<p>Roger Liebi<br \/>IceCleantech GmbH<br \/>B\u00fchlstrasse 5<br \/>CH-3671 Herbligen<br \/>Telefon: +41 (0) 79 331 64 62<br \/>E-Mail: <a href=\"mailto:liebi_roger@bluewin.ch\">liebi_roger@bluewin.ch<\/a><\/p>\t\t\t\t\t\t\t\t<\/div>\n\t\t\t\t<\/div>\n\t\t\t\t<\/div>\n\t\t\t\t<\/div>\n\t\t<div class=\"elementor-element elementor-element-e16a36e e-con-full e-flex e-con e-parent\" data-id=\"e16a36e\" data-element_type=\"container\" data-e-type=\"container\">\n\t\t<div class=\"elementor-element elementor-element-6d017aa e-con-full e-flex e-con e-child\" data-id=\"6d017aa\" data-element_type=\"container\" data-e-type=\"container\">\n\t\t\t\t<div class=\"elementor-element elementor-element-731a73f elementor-widget elementor-widget-image\" data-id=\"731a73f\" data-element_type=\"widget\" data-e-type=\"widget\" data-widget_type=\"image.default\">\n\t\t\t\t<div class=\"elementor-widget-container\">\n\t\t\t\t\t\t\t\t\t\t\t\t\t\t\t<img decoding=\"async\" src=\"https:\/\/liebiswiss.ch\/wp-content\/uploads\/elementor\/thumbs\/pneuservice-qjswyl8ftg17fir3cz1xm27l5zur77vcw0293hboxs.png\" title=\"pneuservice\" alt=\"pneuservice\" loading=\"lazy\" \/>\t\t\t\t\t\t\t\t\t\t\t\t\t\t\t<\/div>\n\t\t\t\t<\/div>\n\t\t\t\t<\/div>\n\t\t<div class=\"elementor-element elementor-element-0675503 e-con-full e-flex e-con e-child\" data-id=\"0675503\" data-element_type=\"container\" data-e-type=\"container\">\n\t\t\t\t<div class=\"elementor-element elementor-element-3c9f429 elementor-widget elementor-widget-heading\" data-id=\"3c9f429\" data-element_type=\"widget\" data-e-type=\"widget\" data-widget_type=\"heading.default\">\n\t\t\t\t<div class=\"elementor-widget-container\">\n\t\t\t\t\t<h3 class=\"elementor-heading-title elementor-size-default\">Pneuservice - Liebi<\/h3>\t\t\t\t<\/div>\n\t\t\t\t<\/div>\n\t\t\t\t<div class=\"elementor-element elementor-element-14981c5 elementor-widget elementor-widget-text-editor\" data-id=\"14981c5\" data-element_type=\"widget\" data-e-type=\"widget\" data-widget_type=\"text-editor.default\">\n\t\t\t\t<div class=\"elementor-widget-container\">\n\t\t\t\t\t\t\t\t\t<p>Dr richtig Gummi f\u00fcr sichere haut!<\/p><p>Montage, Verkauf &amp; Beratung von PKW, Lieferwagen und Motorradreifen<\/p>\t\t\t\t\t\t\t\t<\/div>\n\t\t\t\t<\/div>\n\t\t\t\t<\/div>\n\t\t<div class=\"elementor-element elementor-element-905b624 e-con-full e-flex e-con e-child\" data-id=\"905b624\" data-element_type=\"container\" data-e-type=\"container\">\n\t\t\t\t<div class=\"elementor-element elementor-element-489532b elementor-widget elementor-widget-text-editor\" data-id=\"489532b\" data-element_type=\"widget\" data-e-type=\"widget\" data-widget_type=\"text-editor.default\">\n\t\t\t\t<div class=\"elementor-widget-container\">\n\t\t\t\t\t\t\t\t\t<p>Philipp Liebi<br \/>Dorfstrasse 6<br \/>CH-3671 Herbligen<br \/>Telefon: +41 (0) 79 977 21 05<br \/>E-Mail: <a href=\"mailto:pneuservice-liebi@hotmail.com\">pneuservice-liebi@hotmail.com<\/a><\/p>\t\t\t\t\t\t\t\t<\/div>\n\t\t\t\t<\/div>\n\t\t\t\t<\/div>\n\t\t\t\t<\/div>\n\t\t<div class=\"elementor-element elementor-element-860669d e-con-full e-flex e-con e-parent\" data-id=\"860669d\" data-element_type=\"container\" data-e-type=\"container\">\n\t\t<div class=\"elementor-element elementor-element-2f66aa7 e-con-full e-flex e-con e-child\" data-id=\"2f66aa7\" data-element_type=\"container\" data-e-type=\"container\">\n\t\t\t\t<div class=\"elementor-element elementor-element-a00b2a1 elementor-widget elementor-widget-image\" data-id=\"a00b2a1\" data-element_type=\"widget\" data-e-type=\"widget\" data-widget_type=\"image.default\">\n\t\t\t\t<div class=\"elementor-widget-container\">\n\t\t\t\t\t\t\t\t\t\t\t\t\t\t\t<img decoding=\"async\" src=\"https:\/\/www.glockenthal.ch\/site\/templates\/\/images\/logo.png\" title=\"\" alt=\"\" loading=\"lazy\" \/>\t\t\t\t\t\t\t\t\t\t\t\t\t\t\t<\/div>\n\t\t\t\t<\/div>\n\t\t\t\t<\/div>\n\t\t<div class=\"elementor-element elementor-element-8a7c1c0 e-con-full e-flex e-con e-child\" data-id=\"8a7c1c0\" data-element_type=\"container\" data-e-type=\"container\">\n\t\t\t\t<div class=\"elementor-element elementor-element-2f32c60 elementor-widget elementor-widget-heading\" data-id=\"2f32c60\" data-element_type=\"widget\" data-e-type=\"widget\" data-widget_type=\"heading.default\">\n\t\t\t\t<div class=\"elementor-widget-container\">\n\t\t\t\t\t<h3 class=\"elementor-heading-title elementor-size-default\">Christian Kropf<\/h3>\t\t\t\t<\/div>\n\t\t\t\t<\/div>\n\t\t\t\t<div class=\"elementor-element elementor-element-6cf3059 elementor-widget elementor-widget-text-editor\" data-id=\"6cf3059\" data-element_type=\"widget\" data-e-type=\"widget\" data-widget_type=\"text-editor.default\">\n\t\t\t\t<div class=\"elementor-widget-container\">\n\t\t\t\t\t\t\t\t\t<p>Familie Kropf<\/p>\t\t\t\t\t\t\t\t<\/div>\n\t\t\t\t<\/div>\n\t\t\t\t<div class=\"elementor-element elementor-element-7659f26 elementor-widget elementor-widget-button\" data-id=\"7659f26\" data-element_type=\"widget\" data-e-type=\"widget\" data-widget_type=\"button.default\">\n\t\t\t\t<div class=\"elementor-widget-container\">\n\t\t\t\t\t\t\t\t\t<div class=\"elementor-button-wrapper\">\n\t\t\t\t\t<a class=\"elementor-button elementor-button-link elementor-size-sm\" href=\"https:\/\/glockenthal.ch\/\" target=\"_blank\">\n\t\t\t\t\t\t<span class=\"elementor-button-content-wrapper\">\n\t\t\t\t\t\t\t\t\t<span class=\"elementor-button-text\">Besuchen<\/span>\n\t\t\t\t\t<\/span>\n\t\t\t\t\t<\/a>\n\t\t\t\t<\/div>\n\t\t\t\t\t\t\t\t<\/div>\n\t\t\t\t<\/div>\n\t\t\t\t<\/div>\n\t\t\t\t<\/div>\n\t\t<div class=\"elementor-element elementor-element-61615d1 e-con-full e-flex e-con e-parent\" data-id=\"61615d1\" data-element_type=\"container\" data-e-type=\"container\">\n\t\t<div class=\"elementor-element elementor-element-a3ee891 e-con-full e-flex e-con e-child\" data-id=\"a3ee891\" data-element_type=\"container\" data-e-type=\"container\">\n\t\t\t\t<div class=\"elementor-element elementor-element-09506cc elementor-widget elementor-widget-image\" data-id=\"09506cc\" data-element_type=\"widget\" data-e-type=\"widget\" data-widget_type=\"image.default\">\n\t\t\t\t<div class=\"elementor-widget-container\">\n\t\t\t\t\t\t\t\t\t\t\t\t\t\t\t<img decoding=\"async\" width=\"475\" height=\"175\" src=\"https:\/\/liebiswiss.ch\/wp-content\/uploads\/2024\/02\/cropped-logo_romo.png\" class=\"attachment-large size-large wp-image-144\" alt=\"\" srcset=\"https:\/\/liebiswiss.ch\/wp-content\/uploads\/2024\/02\/cropped-logo_romo.png 475w, https:\/\/liebiswiss.ch\/wp-content\/uploads\/2024\/02\/cropped-logo_romo-300x111.png 300w\" sizes=\"(max-width: 475px) 100vw, 475px\" \/>\t\t\t\t\t\t\t\t\t\t\t\t\t\t\t<\/div>\n\t\t\t\t<\/div>\n\t\t\t\t<\/div>\n\t\t<div class=\"elementor-element elementor-element-213245c e-con-full e-flex e-con e-child\" data-id=\"213245c\" data-element_type=\"container\" data-e-type=\"container\">\n\t\t\t\t<div class=\"elementor-element elementor-element-eb6569d elementor-widget elementor-widget-heading\" data-id=\"eb6569d\" data-element_type=\"widget\" data-e-type=\"widget\" data-widget_type=\"heading.default\">\n\t\t\t\t<div class=\"elementor-widget-container\">\n\t\t\t\t\t<h3 class=\"elementor-heading-title elementor-size-default\">ROMO Edelstahlbau AG<\/h3>\t\t\t\t<\/div>\n\t\t\t\t<\/div>\n\t\t\t\t<div class=\"elementor-element elementor-element-0a6760a elementor-widget elementor-widget-text-editor\" data-id=\"0a6760a\" data-element_type=\"widget\" data-e-type=\"widget\" data-widget_type=\"text-editor.default\">\n\t\t\t\t<div class=\"elementor-widget-container\">\n\t\t\t\t\t\t\t\t\t<p>ROMO AG steht f\u00fcr Qualit\u00e4t, Quantit\u00e4t, Flexibilit\u00e4t, Engagement und vor<br \/>allem Berufsstolz.<\/p>\t\t\t\t\t\t\t\t<\/div>\n\t\t\t\t<\/div>\n\t\t\t\t<div class=\"elementor-element elementor-element-2d32b6b elementor-widget elementor-widget-button\" data-id=\"2d32b6b\" data-element_type=\"widget\" data-e-type=\"widget\" data-widget_type=\"button.default\">\n\t\t\t\t<div class=\"elementor-widget-container\">\n\t\t\t\t\t\t\t\t\t<div class=\"elementor-button-wrapper\">\n\t\t\t\t\t<a class=\"elementor-button elementor-button-link elementor-size-sm\" href=\"https:\/\/romoinox.ch\/\" target=\"_blank\">\n\t\t\t\t\t\t<span class=\"elementor-button-content-wrapper\">\n\t\t\t\t\t\t\t\t\t<span class=\"elementor-button-text\">Besuchen<\/span>\n\t\t\t\t\t<\/span>\n\t\t\t\t\t<\/a>\n\t\t\t\t<\/div>\n\t\t\t\t\t\t\t\t<\/div>\n\t\t\t\t<\/div>\n\t\t\t\t<\/div>\n\t\t\t\t<\/div>\n\t\t\t\t<\/div>\n\t\t","protected":false},"excerpt":{"rendered":"<p>Links IceCleantech GmbH Trockeneisstrahlen-Trockeneisreinigung, die schonende Methode f\u00fcr Holzbauten, denkmalgesch\u00fctzte Objekte und die Umwelt. Besuchen Roger LiebiIceCleantech GmbHB\u00fchlstrasse 5CH-3671 HerbligenTelefon: +41 (0) 79 331 64 [&hellip;]<\/p>\n","protected":false},"author":1,"featured_media":0,"parent":0,"menu_order":6,"comment_status":"closed","ping_status":"closed","template":"","meta":{"footnotes":""},"class_list":["post-30","page","type-page","status-publish","hentry"],"_links":{"self":[{"href":"https:\/\/liebiswiss.ch\/index.php?rest_route=\/wp\/v2\/pages\/30","targetHints":{"allow":["GET"]}}],"collection":[{"href":"https:\/\/liebiswiss.ch\/index.php?rest_route=\/wp\/v2\/pages"}],"about":[{"href":"https:\/\/liebiswiss.ch\/index.php?rest_route=\/wp\/v2\/types\/page"}],"author":[{"embeddable":true,"href":"https:\/\/liebiswiss.ch\/index.php?rest_route=\/wp\/v2\/users\/1"}],"replies":[{"embeddable":true,"href":"https:\/\/liebiswiss.ch\/index.php?rest_route=%2Fwp%2Fv2%2Fcomments&post=30"}],"version-history":[{"count":58,"href":"https:\/\/liebiswiss.ch\/index.php?rest_route=\/wp\/v2\/pages\/30\/revisions"}],"predecessor-version":[{"id":670,"href":"https:\/\/liebiswiss.ch\/index.php?rest_route=\/wp\/v2\/pages\/30\/revisions\/670"}],"wp:attachment":[{"href":"https:\/\/liebiswiss.ch\/index.php?rest_route=%2Fwp%2Fv2%2Fmedia&parent=30"}],"curies":[{"name":"wp","href":"https:\/\/api.w.org\/{rel}","templated":true}]}}