{"id":26,"date":"2024-01-25T12:20:08","date_gmt":"2024-01-25T12:20:08","guid":{"rendered":"https:\/\/liebiswiss.ch\/?page_id=26"},"modified":"2024-07-09T12:18:19","modified_gmt":"2024-07-09T12:18:19","slug":"vermietung","status":"publish","type":"page","link":"https:\/\/liebiswiss.ch\/?page_id=26","title":{"rendered":"Vermietung"},"content":{"rendered":"\t\t<div data-elementor-type=\"wp-page\" data-elementor-id=\"26\" class=\"elementor elementor-26\">\n\t\t\t\t<div class=\"elementor-element elementor-element-7dc007c e-con-full e-flex e-con e-parent\" data-id=\"7dc007c\" data-element_type=\"container\" data-e-type=\"container\" data-settings=\"{&quot;background_background&quot;:&quot;classic&quot;}\">\n\t\t\t\t<div class=\"elementor-element elementor-element-df06a79 elementor-widget elementor-widget-heading\" data-id=\"df06a79\" data-element_type=\"widget\" data-e-type=\"widget\" data-widget_type=\"heading.default\">\n\t\t\t\t<div class=\"elementor-widget-container\">\n\t\t\t\t\t<h2 class=\"elementor-heading-title elementor-size-default\">Vermietung<\/h2>\t\t\t\t<\/div>\n\t\t\t\t<\/div>\n\t\t\t\t<div class=\"elementor-element elementor-element-5eb0091 elementor-widget elementor-widget-heading\" data-id=\"5eb0091\" data-element_type=\"widget\" data-e-type=\"widget\" data-widget_type=\"heading.default\">\n\t\t\t\t<div class=\"elementor-widget-container\">\n\t\t\t\t\t<h3 class=\"elementor-heading-title elementor-size-default\">Ferienwohnung Oberems<\/h3>\t\t\t\t<\/div>\n\t\t\t\t<\/div>\n\t\t\t\t<\/div>\n\t\t<div class=\"elementor-element elementor-element-14c635b e-con-full e-flex e-con e-parent\" data-id=\"14c635b\" data-element_type=\"container\" data-e-type=\"container\">\n\t\t<div class=\"elementor-element elementor-element-e8fa6ef e-con-full e-flex e-con e-child\" data-id=\"e8fa6ef\" data-element_type=\"container\" data-e-type=\"container\">\n\t\t\t\t<div class=\"elementor-element elementor-element-7ad878a elementor-widget elementor-widget-text-editor\" data-id=\"7ad878a\" data-element_type=\"widget\" data-e-type=\"widget\" data-widget_type=\"text-editor.default\">\n\t\t\t\t<div class=\"elementor-widget-container\">\n\t\t\t\t\t\t\t\t\t<p>Herzlich willkommen in Oberems, dem idyllischen Bergdorf auf 1332 Metern H\u00f6he. Unsere charmante Chalet-Ferienwohnung bietet den perfekten R\u00fcckzugsort f\u00fcr erlebnisreiche und zugleich erholsame Ferien. Mit atemberaubender Bergkulisse, erstklassigen Wanderwegen und einem Kinderskilift im Winter wird Ihr Aufenthalt unvergesslich. Tauchen Sie ein in die Sch\u00f6nheit der Natur und genie\u00dfen Sie die Kombination aus traditionellem Alpencharme und modernem Komfort. Wir laden Sie herzlich ein, Ihre Ferien in unserer gem\u00fctlichen Wohnung zu verbringen und die einzigartige Atmosph\u00e4re von Oberems zu erleben.<\/p>\t\t\t\t\t\t\t\t<\/div>\n\t\t\t\t<\/div>\n\t\t\t\t<div class=\"elementor-element elementor-element-8f5beb8 elementor-widget elementor-widget-button\" data-id=\"8f5beb8\" data-element_type=\"widget\" data-e-type=\"widget\" data-widget_type=\"button.default\">\n\t\t\t\t<div class=\"elementor-widget-container\">\n\t\t\t\t\t\t\t\t\t<div class=\"elementor-button-wrapper\">\n\t\t\t\t\t<a class=\"elementor-button elementor-button-link elementor-size-sm\" href=\"\/?page_id=160\">\n\t\t\t\t\t\t<span class=\"elementor-button-content-wrapper\">\n\t\t\t\t\t\t\t\t\t<span class=\"elementor-button-text\">weitere Informationen<\/span>\n\t\t\t\t\t<\/span>\n\t\t\t\t\t<\/a>\n\t\t\t\t<\/div>\n\t\t\t\t\t\t\t\t<\/div>\n\t\t\t\t<\/div>\n\t\t\t\t<\/div>\n\t\t<div class=\"elementor-element elementor-element-fc47fe0 e-con-full e-flex e-con e-child\" data-id=\"fc47fe0\" data-element_type=\"container\" data-e-type=\"container\">\n\t\t\t\t<div class=\"elementor-element elementor-element-937032c elementor-widget elementor-widget-image\" data-id=\"937032c\" data-element_type=\"widget\" data-e-type=\"widget\" data-widget_type=\"image.default\">\n\t\t\t\t<div class=\"elementor-widget-container\">\n\t\t\t\t\t\t\t\t\t\t\t\t\t\t\t<img decoding=\"async\" src=\"https:\/\/liebiswiss.ch\/wp-content\/uploads\/elementor\/thumbs\/IMG_1927-scaled-qqutzvpw3kd798r1ihuv0iv1wca760ltn19cx69i9k.jpg\" title=\"IMG_1927\" alt=\"IMG_1927\" loading=\"lazy\" \/>\t\t\t\t\t\t\t\t\t\t\t\t\t\t\t<\/div>\n\t\t\t\t<\/div>\n\t\t\t\t<\/div>\n\t\t\t\t<\/div>\n\t\t<div class=\"elementor-element elementor-element-7db66c3 e-con-full e-flex e-con e-parent\" data-id=\"7db66c3\" data-element_type=\"container\" data-e-type=\"container\">\n\t\t\t\t<div class=\"elementor-element elementor-element-c256c33 elementor-widget elementor-widget-heading\" data-id=\"c256c33\" data-element_type=\"widget\" data-e-type=\"widget\" data-widget_type=\"heading.default\">\n\t\t\t\t<div class=\"elementor-widget-container\">\n\t\t\t\t\t<h3 class=\"elementor-heading-title elementor-size-default\">Rock-Smoke<\/h3>\t\t\t\t<\/div>\n\t\t\t\t<\/div>\n\t\t\t\t<\/div>\n\t\t<div class=\"elementor-element elementor-element-9c04715 e-con-full e-flex e-con e-parent\" data-id=\"9c04715\" data-element_type=\"container\" data-e-type=\"container\">\n\t\t<div class=\"elementor-element elementor-element-6b9883d e-con-full e-flex e-con e-child\" data-id=\"6b9883d\" data-element_type=\"container\" data-e-type=\"container\">\n\t\t\t\t<div class=\"elementor-element elementor-element-212e8ad elementor-widget elementor-widget-image\" data-id=\"212e8ad\" data-element_type=\"widget\" data-e-type=\"widget\" data-widget_type=\"image.default\">\n\t\t\t\t<div class=\"elementor-widget-container\">\n\t\t\t\t\t\t\t\t\t\t\t\t\t\t\t<img decoding=\"async\" src=\"https:\/\/liebiswiss.ch\/wp-content\/uploads\/elementor\/thumbs\/5-scaled-qj69q98lviph91yvf1q4jzcffqkb3fq00wmgfvida0.jpg\" title=\"5\" alt=\"5\" loading=\"lazy\" \/>\t\t\t\t\t\t\t\t\t\t\t\t\t\t\t<\/div>\n\t\t\t\t<\/div>\n\t\t\t\t<\/div>\n\t\t<div class=\"elementor-element elementor-element-4fc08f7 e-con-full e-flex e-con e-child\" data-id=\"4fc08f7\" data-element_type=\"container\" data-e-type=\"container\">\n\t\t\t\t<div class=\"elementor-element elementor-element-7be0da9 elementor-widget elementor-widget-text-editor\" data-id=\"7be0da9\" data-element_type=\"widget\" data-e-type=\"widget\" data-widget_type=\"text-editor.default\">\n\t\t\t\t<div class=\"elementor-widget-container\">\n\t\t\t\t\t\t\t\t\t<p>Rock-Smoke, ein wahrhaftiger Gigant unter den BBQ-\u00d6fen, wurde von seinem Sch\u00f6pfer pers\u00f6nlich in der renommierten &#8222;ROMO Edelstahlbau AG&#8220; erschaffen. Dieser imposante Smoker ist nicht nur eine kulinarische Sensation, sondern auch ein individuelles Meisterwerk.<\/p><p>Der Rock-Smoke Smoker steht Ihnen zur Miete bereit und eignet sich perfekt f\u00fcr Veranstaltungen, Anl\u00e4sse und Partys. Mit seiner beachtlichen Gr\u00f6\u00dfe, die sogar auf einen Anh\u00e4nger passt, wird er zum Herzst\u00fcck jeder Feierlichkeit. Der einzigartige Charakter dieses Smokers verleiht Ihrem Event nicht nur einen Hauch von Exklusivit\u00e4t, sondern garantiert auch ein unvergessliches Geschmackserlebnis. Mieten Sie den Rock-Smoke Smoker und lassen Sie Ihre Veranstaltung zu einem Fest f\u00fcr alle Sinne werden!<\/p>\t\t\t\t\t\t\t\t<\/div>\n\t\t\t\t<\/div>\n\t\t\t\t<div class=\"elementor-element elementor-element-ddcd80d elementor-widget elementor-widget-button\" data-id=\"ddcd80d\" data-element_type=\"widget\" data-e-type=\"widget\" data-widget_type=\"button.default\">\n\t\t\t\t<div class=\"elementor-widget-container\">\n\t\t\t\t\t\t\t\t\t<div class=\"elementor-button-wrapper\">\n\t\t\t\t\t<a class=\"elementor-button elementor-button-link elementor-size-sm\" href=\"\/?page_id=162\">\n\t\t\t\t\t\t<span class=\"elementor-button-content-wrapper\">\n\t\t\t\t\t\t\t\t\t<span class=\"elementor-button-text\">weitere Informationen<\/span>\n\t\t\t\t\t<\/span>\n\t\t\t\t\t<\/a>\n\t\t\t\t<\/div>\n\t\t\t\t\t\t\t\t<\/div>\n\t\t\t\t<\/div>\n\t\t\t\t<\/div>\n\t\t\t\t<\/div>\n\t\t<div class=\"elementor-element elementor-element-4d8b008 e-con-full e-flex e-con e-parent\" data-id=\"4d8b008\" data-element_type=\"container\" data-e-type=\"container\">\n\t\t\t\t<div class=\"elementor-element elementor-element-75b517b elementor-widget elementor-widget-heading\" data-id=\"75b517b\" data-element_type=\"widget\" data-e-type=\"widget\" data-widget_type=\"heading.default\">\n\t\t\t\t<div class=\"elementor-widget-container\">\n\t\t\t\t\t<h3 class=\"elementor-heading-title elementor-size-default\">Trike<\/h3>\t\t\t\t<\/div>\n\t\t\t\t<\/div>\n\t\t\t\t<\/div>\n\t\t<div class=\"elementor-element elementor-element-8a2e7ee e-con-full e-flex e-con e-parent\" data-id=\"8a2e7ee\" data-element_type=\"container\" data-e-type=\"container\">\n\t\t<div class=\"elementor-element elementor-element-750b7a2 e-con-full e-flex e-con e-child\" data-id=\"750b7a2\" data-element_type=\"container\" data-e-type=\"container\">\n\t\t\t\t<div class=\"elementor-element elementor-element-e3f8aa1 elementor-widget elementor-widget-text-editor\" data-id=\"e3f8aa1\" data-element_type=\"widget\" data-e-type=\"widget\" data-widget_type=\"text-editor.default\">\n\t\t\t\t<div class=\"elementor-widget-container\">\n\t\t\t\t\t\t\t\t\t<p>Entdecken Sie das aufregende Fahrerlebnis des BOOM Muscle Trike \u2013 ein einzigartiges Highlight f\u00fcr unvergessliche Anl\u00e4sse! \u00dcberraschen Sie Ihre Liebsten mit einem Gutschein f\u00fcr Hochzeiten, Geburtstage oder Firmenfeste und schenken Sie puren Fahrspa\u00df.<\/p><p>F\u00fcr diejenigen, die das Steuer selbst \u00fcbernehmen m\u00f6chten, bieten wir die M\u00f6glichkeit, das BOOM Muscle Trike zu mieten. Erkunden Sie die Stra\u00dfen in Ihrem eigenen Tempo und erleben Sie die Freiheit auf drei R\u00e4dern. Kontaktieren Sie uns f\u00fcr Details und Preise.<\/p><p>Mit dem BOOM Muscle Trike schaffen Sie nicht nur ein au\u00dfergew\u00f6hnliches Fahrerlebnis, sondern auch unvergessliche Momente. Mieten Sie das Trike und machen Sie Ihre Veranstaltung zu einem Highlight, das in Erinnerung bleibt!<\/p>\t\t\t\t\t\t\t\t<\/div>\n\t\t\t\t<\/div>\n\t\t\t\t<div class=\"elementor-element elementor-element-9089459 elementor-widget elementor-widget-button\" data-id=\"9089459\" data-element_type=\"widget\" data-e-type=\"widget\" data-widget_type=\"button.default\">\n\t\t\t\t<div class=\"elementor-widget-container\">\n\t\t\t\t\t\t\t\t\t<div class=\"elementor-button-wrapper\">\n\t\t\t\t\t<a class=\"elementor-button elementor-button-link elementor-size-sm\" href=\"\/?page_id=164\">\n\t\t\t\t\t\t<span class=\"elementor-button-content-wrapper\">\n\t\t\t\t\t\t\t\t\t<span class=\"elementor-button-text\">weitere Informationen<\/span>\n\t\t\t\t\t<\/span>\n\t\t\t\t\t<\/a>\n\t\t\t\t<\/div>\n\t\t\t\t\t\t\t\t<\/div>\n\t\t\t\t<\/div>\n\t\t\t\t<\/div>\n\t\t<div class=\"elementor-element elementor-element-d0825e5 e-con-full e-flex e-con e-child\" data-id=\"d0825e5\" data-element_type=\"container\" data-e-type=\"container\">\n\t\t\t\t<div class=\"elementor-element elementor-element-8acf8d8 elementor-widget elementor-widget-image\" data-id=\"8acf8d8\" data-element_type=\"widget\" data-e-type=\"widget\" data-widget_type=\"image.default\">\n\t\t\t\t<div class=\"elementor-widget-container\">\n\t\t\t\t\t\t\t\t\t\t\t\t\t\t\t<img decoding=\"async\" src=\"https:\/\/liebiswiss.ch\/wp-content\/uploads\/elementor\/thumbs\/Trike-scaled-qj6acqjnbvhcxbbb59jwot4awhrc6tyw46bin46ego.jpg\" title=\"Trike\" alt=\"Trike\" loading=\"lazy\" \/>\t\t\t\t\t\t\t\t\t\t\t\t\t\t\t<\/div>\n\t\t\t\t<\/div>\n\t\t\t\t<\/div>\n\t\t\t\t<\/div>\n\t\t\t\t<\/div>\n\t\t","protected":false},"excerpt":{"rendered":"<p>Vermietung Ferienwohnung Oberems Herzlich willkommen in Oberems, dem idyllischen Bergdorf auf 1332 Metern H\u00f6he. Unsere charmante Chalet-Ferienwohnung bietet den perfekten R\u00fcckzugsort f\u00fcr erlebnisreiche und zugleich [&hellip;]<\/p>\n","protected":false},"author":1,"featured_media":0,"parent":0,"menu_order":3,"comment_status":"closed","ping_status":"closed","template":"","meta":{"footnotes":""},"class_list":["post-26","page","type-page","status-publish","hentry"],"_links":{"self":[{"href":"https:\/\/liebiswiss.ch\/index.php?rest_route=\/wp\/v2\/pages\/26","targetHints":{"allow":["GET"]}}],"collection":[{"href":"https:\/\/liebiswiss.ch\/index.php?rest_route=\/wp\/v2\/pages"}],"about":[{"href":"https:\/\/liebiswiss.ch\/index.php?rest_route=\/wp\/v2\/types\/page"}],"author":[{"embeddable":true,"href":"https:\/\/liebiswiss.ch\/index.php?rest_route=\/wp\/v2\/users\/1"}],"replies":[{"embeddable":true,"href":"https:\/\/liebiswiss.ch\/index.php?rest_route=%2Fwp%2Fv2%2Fcomments&post=26"}],"version-history":[{"count":40,"href":"https:\/\/liebiswiss.ch\/index.php?rest_route=\/wp\/v2\/pages\/26\/revisions"}],"predecessor-version":[{"id":857,"href":"https:\/\/liebiswiss.ch\/index.php?rest_route=\/wp\/v2\/pages\/26\/revisions\/857"}],"wp:attachment":[{"href":"https:\/\/liebiswiss.ch\/index.php?rest_route=%2Fwp%2Fv2%2Fmedia&parent=26"}],"curies":[{"name":"wp","href":"https:\/\/api.w.org\/{rel}","templated":true}]}}