{"id":239,"date":"2024-02-05T09:23:44","date_gmt":"2024-02-05T09:23:44","guid":{"rendered":"https:\/\/liebiswiss.ch\/?page_id=239"},"modified":"2024-07-18T08:45:03","modified_gmt":"2024-07-18T08:45:03","slug":"start","status":"publish","type":"page","link":"https:\/\/liebiswiss.ch\/","title":{"rendered":"Start"},"content":{"rendered":"\t\t<div data-elementor-type=\"wp-page\" data-elementor-id=\"239\" class=\"elementor elementor-239\">\n\t\t\t\t<div class=\"elementor-element elementor-element-20473c3 e-flex e-con-boxed e-con e-parent\" data-id=\"20473c3\" data-element_type=\"container\" data-e-type=\"container\" data-settings=\"{&quot;background_background&quot;:&quot;gradient&quot;}\">\n\t\t\t\t\t<div class=\"e-con-inner\">\n\t\t\t\t<div class=\"elementor-element elementor-element-fd7761f elementor-widget elementor-widget-heading\" data-id=\"fd7761f\" data-element_type=\"widget\" data-e-type=\"widget\" data-widget_type=\"heading.default\">\n\t\t\t\t<div class=\"elementor-widget-container\">\n\t\t\t\t\t<h1 class=\"elementor-heading-title elementor-size-default\">Herzlich willkommen auf unserer vielseitigen Plattform!<\/h1>\t\t\t\t<\/div>\n\t\t\t\t<\/div>\n\t\t\t\t\t<\/div>\n\t\t\t\t<\/div>\n\t\t<div class=\"elementor-element elementor-element-378af8e e-con-full e-flex e-con e-parent\" data-id=\"378af8e\" data-element_type=\"container\" data-e-type=\"container\">\n\t\t\t\t<div class=\"elementor-element elementor-element-10b039f elementor-widget elementor-widget-text-editor\" data-id=\"10b039f\" data-element_type=\"widget\" data-e-type=\"widget\" data-widget_type=\"text-editor.default\">\n\t\t\t\t<div class=\"elementor-widget-container\">\n\t\t\t\t\t\t\t\t\t<p>Hier erleben Sie eine harmonische Symbiose aus traditioneller Schweizer Volksmusik mit den \u00d6rgelitr\u00e4mpers unter der Leitung von Roger Liebi, der nicht nur der Inhaber dieser Seite ist, sondern auch leidenschaftlich das \u00d6rgeli spielt. Tauchen Sie ein in die Welt von Falkenfluh-Pilates, wo Kurse unter der Leitung von Mathilda Germann ein ganzheitliches Pilatestraining bieten.<\/p><p>Erleben Sie unvergessliche Momente mit unserer Vermietungsoption \u2013 sei es eine charmante Ferienwohnung, der beeindruckende Rock-Smoke BBQ Grill oder das aufregende Trike. Alles steht bereit, um Ihre besonderen Anl\u00e4sse zu einem einzigartigen Erlebnis zu machen.<\/p><p>In unserer Verkaufskategorie erwartet Sie vielleicht schon bald eine Auswahl an individuellen Produkten. Derzeit ist der Bereich in Entwicklung, um Ihnen zuk\u00fcnftig eigene Produkte und exklusive Angebote pr\u00e4sentieren zu k\u00f6nnen.<\/p><p>Entdecken Sie auf unserer Links-Seite unterst\u00fctzende Partner, die unsere Werte teilen. Hier finden Sie Verbindungen zu anderen Seiten, die unsere Interessen widerspiegeln.<\/p><p>Wir laden Sie ein, durch unsere verschiedenen Kategorien zu st\u00f6bern und die Vielfalt unseres Angebots zu entdecken. Genie\u00dfen Sie Ihren Aufenthalt auf unserer Seite und z\u00f6gern Sie nicht, bei Fragen oder Buchungsanfragen Kontakt aufzunehmen. Willkommen bei uns \u2013 wo Tradition, Musik, Bewegung und Unterhaltung zu einem harmonischen Ensemble verschmelzen!<\/p>\t\t\t\t\t\t\t\t<\/div>\n\t\t\t\t<\/div>\n\t\t\t\t<\/div>\n\t\t<div class=\"elementor-element elementor-element-86fd5a7 e-con-full e-flex e-con e-parent\" data-id=\"86fd5a7\" data-element_type=\"container\" data-e-type=\"container\">\n\t\t<div class=\"elementor-element elementor-element-ad781c8 e-con-full e-flex e-con e-child\" data-id=\"ad781c8\" data-element_type=\"container\" data-e-type=\"container\">\n\t\t\t\t<div class=\"elementor-element elementor-element-6912352 elementor-widget elementor-widget-heading\" data-id=\"6912352\" data-element_type=\"widget\" data-e-type=\"widget\" data-widget_type=\"heading.default\">\n\t\t\t\t<div class=\"elementor-widget-container\">\n\t\t\t\t\t<h4 class=\"elementor-heading-title elementor-size-default\">Musik<\/h4>\t\t\t\t<\/div>\n\t\t\t\t<\/div>\n\t\t\t\t<div class=\"elementor-element elementor-element-2f4addb elementor-widget elementor-widget-text-editor\" data-id=\"2f4addb\" data-element_type=\"widget\" data-e-type=\"widget\" data-widget_type=\"text-editor.default\">\n\t\t\t\t<div class=\"elementor-widget-container\">\n\t\t\t\t\t\t\t\t\t<p>Tauchen Sie ein in die Welt der Schweizer Volksmusik mit den \u00d6rgelitr\u00e4mpers. Roger Liebi, der Inhaber dieser Webseite, spielt mit seiner Gruppe traditionelle Kl\u00e4nge auf dem \u00d6rgeli und entf\u00fchrt Sie in eine musikalische Reise durch die Schweizer Folklore.<\/p>\t\t\t\t\t\t\t\t<\/div>\n\t\t\t\t<\/div>\n\t\t\t\t<div class=\"elementor-element elementor-element-c7de3ce elementor-widget elementor-widget-button\" data-id=\"c7de3ce\" data-element_type=\"widget\" data-e-type=\"widget\" data-widget_type=\"button.default\">\n\t\t\t\t<div class=\"elementor-widget-container\">\n\t\t\t\t\t\t\t\t\t<div class=\"elementor-button-wrapper\">\n\t\t\t\t\t<a class=\"elementor-button elementor-button-link elementor-size-sm\" href=\"\/?page_id=18\">\n\t\t\t\t\t\t<span class=\"elementor-button-content-wrapper\">\n\t\t\t\t\t\t\t\t\t<span class=\"elementor-button-text\">Musik<\/span>\n\t\t\t\t\t<\/span>\n\t\t\t\t\t<\/a>\n\t\t\t\t<\/div>\n\t\t\t\t\t\t\t\t<\/div>\n\t\t\t\t<\/div>\n\t\t\t\t<\/div>\n\t\t<div class=\"elementor-element elementor-element-b02e3d3 e-con-full e-flex e-con e-child\" data-id=\"b02e3d3\" data-element_type=\"container\" data-e-type=\"container\">\n\t\t\t\t<div class=\"elementor-element elementor-element-2c65bc1 elementor-widget elementor-widget-heading\" data-id=\"2c65bc1\" data-element_type=\"widget\" data-e-type=\"widget\" data-widget_type=\"heading.default\">\n\t\t\t\t<div class=\"elementor-widget-container\">\n\t\t\t\t\t<h4 class=\"elementor-heading-title elementor-size-default\">Falkenfluh-Pilates<\/h4>\t\t\t\t<\/div>\n\t\t\t\t<\/div>\n\t\t\t\t<div class=\"elementor-element elementor-element-d39272c elementor-widget elementor-widget-text-editor\" data-id=\"d39272c\" data-element_type=\"widget\" data-e-type=\"widget\" data-widget_type=\"text-editor.default\">\n\t\t\t\t<div class=\"elementor-widget-container\">\n\t\t\t\t\t\t\t\t\t<p>Entdecken Sie die Welt von Falkenfluh-Pilates, einem Angebot f\u00fcr Pilatestraining unter der Leitung von Mathilda Germann. Die Kurse bieten eine ideale M\u00f6glichkeit, K\u00f6rper und Geist in Einklang zu bringen und die Vorteile von Pilates zu erleben.<\/p>\t\t\t\t\t\t\t\t<\/div>\n\t\t\t\t<\/div>\n\t\t\t\t<div class=\"elementor-element elementor-element-bfb0f61 elementor-widget elementor-widget-button\" data-id=\"bfb0f61\" data-element_type=\"widget\" data-e-type=\"widget\" data-widget_type=\"button.default\">\n\t\t\t\t<div class=\"elementor-widget-container\">\n\t\t\t\t\t\t\t\t\t<div class=\"elementor-button-wrapper\">\n\t\t\t\t\t<a class=\"elementor-button elementor-button-link elementor-size-sm\" href=\"?page_id=21\">\n\t\t\t\t\t\t<span class=\"elementor-button-content-wrapper\">\n\t\t\t\t\t\t\t\t\t<span class=\"elementor-button-text\">Pilates<\/span>\n\t\t\t\t\t<\/span>\n\t\t\t\t\t<\/a>\n\t\t\t\t<\/div>\n\t\t\t\t\t\t\t\t<\/div>\n\t\t\t\t<\/div>\n\t\t\t\t<\/div>\n\t\t<div class=\"elementor-element elementor-element-a762b57 e-con-full e-flex e-con e-child\" data-id=\"a762b57\" data-element_type=\"container\" data-e-type=\"container\">\n\t\t\t\t<div class=\"elementor-element elementor-element-b707048 elementor-widget elementor-widget-heading\" data-id=\"b707048\" data-element_type=\"widget\" data-e-type=\"widget\" data-widget_type=\"heading.default\">\n\t\t\t\t<div class=\"elementor-widget-container\">\n\t\t\t\t\t<h4 class=\"elementor-heading-title elementor-size-default\">Vermietung<\/h4>\t\t\t\t<\/div>\n\t\t\t\t<\/div>\n\t\t\t\t<div class=\"elementor-element elementor-element-81d6d57 elementor-widget elementor-widget-text-editor\" data-id=\"81d6d57\" data-element_type=\"widget\" data-e-type=\"widget\" data-widget_type=\"text-editor.default\">\n\t\t\t\t<div class=\"elementor-widget-container\">\n\t\t\t\t\t\t\t\t\t<p>Erleben Sie unvergessliche Momente mit unserer Vermietungsoption. Von Ferienwohnungen \u00fcber den Rock-Smoke BBQ Grill bis hin zum aufregenden Trike \u2013 alles kann f\u00fcr besondere Anl\u00e4sse oder Veranstaltungen gebucht und gemietet werden.<\/p>\t\t\t\t\t\t\t\t<\/div>\n\t\t\t\t<\/div>\n\t\t\t\t<div class=\"elementor-element elementor-element-9f44419 elementor-widget elementor-widget-button\" data-id=\"9f44419\" data-element_type=\"widget\" data-e-type=\"widget\" data-widget_type=\"button.default\">\n\t\t\t\t<div class=\"elementor-widget-container\">\n\t\t\t\t\t\t\t\t\t<div class=\"elementor-button-wrapper\">\n\t\t\t\t\t<a class=\"elementor-button elementor-button-link elementor-size-sm\" href=\"\/?page_id=26\">\n\t\t\t\t\t\t<span class=\"elementor-button-content-wrapper\">\n\t\t\t\t\t\t\t\t\t<span class=\"elementor-button-text\">Vermietung<\/span>\n\t\t\t\t\t<\/span>\n\t\t\t\t\t<\/a>\n\t\t\t\t<\/div>\n\t\t\t\t\t\t\t\t<\/div>\n\t\t\t\t<\/div>\n\t\t\t\t<\/div>\n\t\t<div class=\"elementor-element elementor-element-055dd22 e-con-full e-flex e-con e-child\" data-id=\"055dd22\" data-element_type=\"container\" data-e-type=\"container\">\n\t\t\t\t<div class=\"elementor-element elementor-element-8f7ffb7 elementor-widget elementor-widget-heading\" data-id=\"8f7ffb7\" data-element_type=\"widget\" data-e-type=\"widget\" data-widget_type=\"heading.default\">\n\t\t\t\t<div class=\"elementor-widget-container\">\n\t\t\t\t\t<h4 class=\"elementor-heading-title elementor-size-default\">Verkaufen<\/h4>\t\t\t\t<\/div>\n\t\t\t\t<\/div>\n\t\t\t\t<div class=\"elementor-element elementor-element-72b0cf8 elementor-widget elementor-widget-text-editor\" data-id=\"72b0cf8\" data-element_type=\"widget\" data-e-type=\"widget\" data-widget_type=\"text-editor.default\">\n\t\t\t\t<div class=\"elementor-widget-container\">\n\t\t\t\t\t\t\t\t\t<p>Die Verkaufskategorie bietet Raum f\u00fcr individuelle Produkte. Aktuell ist noch kein spezifischer Inhalt bekannt, jedoch wird dieser Bereich genutzt, um eigene Produkte oder spezielle Angebote zu pr\u00e4sentieren.<\/p>\t\t\t\t\t\t\t\t<\/div>\n\t\t\t\t<\/div>\n\t\t\t\t<div class=\"elementor-element elementor-element-d276603 elementor-widget elementor-widget-button\" data-id=\"d276603\" data-element_type=\"widget\" data-e-type=\"widget\" data-widget_type=\"button.default\">\n\t\t\t\t<div class=\"elementor-widget-container\">\n\t\t\t\t\t\t\t\t\t<div class=\"elementor-button-wrapper\">\n\t\t\t\t\t<a class=\"elementor-button elementor-button-link elementor-size-sm\" href=\"\/?page_id=28\">\n\t\t\t\t\t\t<span class=\"elementor-button-content-wrapper\">\n\t\t\t\t\t\t\t\t\t<span class=\"elementor-button-text\">Verkaufen<\/span>\n\t\t\t\t\t<\/span>\n\t\t\t\t\t<\/a>\n\t\t\t\t<\/div>\n\t\t\t\t\t\t\t\t<\/div>\n\t\t\t\t<\/div>\n\t\t\t\t<\/div>\n\t\t<div class=\"elementor-element elementor-element-a0c2d40 e-con-full e-flex e-con e-child\" data-id=\"a0c2d40\" data-element_type=\"container\" data-e-type=\"container\">\n\t\t\t\t<div class=\"elementor-element elementor-element-4bb099d elementor-widget elementor-widget-heading\" data-id=\"4bb099d\" data-element_type=\"widget\" data-e-type=\"widget\" data-widget_type=\"heading.default\">\n\t\t\t\t<div class=\"elementor-widget-container\">\n\t\t\t\t\t<h4 class=\"elementor-heading-title elementor-size-default\">Links<\/h4>\t\t\t\t<\/div>\n\t\t\t\t<\/div>\n\t\t\t\t<div class=\"elementor-element elementor-element-22066c7 elementor-widget elementor-widget-text-editor\" data-id=\"22066c7\" data-element_type=\"widget\" data-e-type=\"widget\" data-widget_type=\"text-editor.default\">\n\t\t\t\t<div class=\"elementor-widget-container\">\n\t\t\t\t\t\t\t\t\t<p>Entdecken Sie unterst\u00fctzende Seiten und Partnerlinks auf unserer Links-Seite. Hier finden Sie Verbindungen zu anderen Seiten, die unsere Werte und Interessen teilen. Erfahren Sie mehr \u00fcber unsere Partner und deren Angebote.<\/p>\t\t\t\t\t\t\t\t<\/div>\n\t\t\t\t<\/div>\n\t\t\t\t<div class=\"elementor-element elementor-element-b71652b elementor-widget elementor-widget-button\" data-id=\"b71652b\" data-element_type=\"widget\" data-e-type=\"widget\" data-widget_type=\"button.default\">\n\t\t\t\t<div class=\"elementor-widget-container\">\n\t\t\t\t\t\t\t\t\t<div class=\"elementor-button-wrapper\">\n\t\t\t\t\t<a class=\"elementor-button elementor-button-link elementor-size-sm\" href=\"\/?page_id=30\">\n\t\t\t\t\t\t<span class=\"elementor-button-content-wrapper\">\n\t\t\t\t\t\t\t\t\t<span class=\"elementor-button-text\">Links<\/span>\n\t\t\t\t\t<\/span>\n\t\t\t\t\t<\/a>\n\t\t\t\t<\/div>\n\t\t\t\t\t\t\t\t<\/div>\n\t\t\t\t<\/div>\n\t\t\t\t<\/div>\n\t\t<div class=\"elementor-element elementor-element-9f6b0c7 e-con-full e-flex e-con e-child\" data-id=\"9f6b0c7\" data-element_type=\"container\" data-e-type=\"container\">\n\t\t\t\t<div class=\"elementor-element elementor-element-8de9ff3 elementor-widget elementor-widget-heading\" data-id=\"8de9ff3\" data-element_type=\"widget\" data-e-type=\"widget\" data-widget_type=\"heading.default\">\n\t\t\t\t<div class=\"elementor-widget-container\">\n\t\t\t\t\t<h4 class=\"elementor-heading-title elementor-size-default\">Kontakt<\/h4>\t\t\t\t<\/div>\n\t\t\t\t<\/div>\n\t\t\t\t<div class=\"elementor-element elementor-element-61a8f02 elementor-widget elementor-widget-text-editor\" data-id=\"61a8f02\" data-element_type=\"widget\" data-e-type=\"widget\" data-widget_type=\"text-editor.default\">\n\t\t\t\t<div class=\"elementor-widget-container\">\n\t\t\t\t\t\t\t\t\t<p><strong>Roger Liebi<\/strong><br \/>Spiegel 2<br \/>CH-3633 Amsoldingen BE<br \/>Mobile +41 (0)79 331 64 62<\/p><p>E-Mail:\u00a0<a href=\"mailto:liebi_roger@bluewin.ch\">liebi_roger@bluewin.ch<\/a><\/p>\t\t\t\t\t\t\t\t<\/div>\n\t\t\t\t<\/div>\n\t\t\t\t<\/div>\n\t\t\t\t<\/div>\n\t\t\t\t<\/div>\n\t\t","protected":false},"excerpt":{"rendered":"<p>Herzlich willkommen auf unserer vielseitigen Plattform! Hier erleben Sie eine harmonische Symbiose aus traditioneller Schweizer Volksmusik mit den \u00d6rgelitr\u00e4mpers unter der Leitung von Roger Liebi, [&hellip;]<\/p>\n","protected":false},"author":1,"featured_media":0,"parent":0,"menu_order":0,"comment_status":"closed","ping_status":"closed","template":"","meta":{"footnotes":""},"class_list":["post-239","page","type-page","status-publish","hentry"],"_links":{"self":[{"href":"https:\/\/liebiswiss.ch\/index.php?rest_route=\/wp\/v2\/pages\/239","targetHints":{"allow":["GET"]}}],"collection":[{"href":"https:\/\/liebiswiss.ch\/index.php?rest_route=\/wp\/v2\/pages"}],"about":[{"href":"https:\/\/liebiswiss.ch\/index.php?rest_route=\/wp\/v2\/types\/page"}],"author":[{"embeddable":true,"href":"https:\/\/liebiswiss.ch\/index.php?rest_route=\/wp\/v2\/users\/1"}],"replies":[{"embeddable":true,"href":"https:\/\/liebiswiss.ch\/index.php?rest_route=%2Fwp%2Fv2%2Fcomments&post=239"}],"version-history":[{"count":77,"href":"https:\/\/liebiswiss.ch\/index.php?rest_route=\/wp\/v2\/pages\/239\/revisions"}],"predecessor-version":[{"id":863,"href":"https:\/\/liebiswiss.ch\/index.php?rest_route=\/wp\/v2\/pages\/239\/revisions\/863"}],"wp:attachment":[{"href":"https:\/\/liebiswiss.ch\/index.php?rest_route=%2Fwp%2Fv2%2Fmedia&parent=239"}],"curies":[{"name":"wp","href":"https:\/\/api.w.org\/{rel}","templated":true}]}}