{"id":164,"date":"2024-02-02T11:50:52","date_gmt":"2024-02-02T11:50:52","guid":{"rendered":"https:\/\/liebiswiss.ch\/?page_id=164"},"modified":"2024-02-07T12:39:01","modified_gmt":"2024-02-07T12:39:01","slug":"trike-2","status":"publish","type":"page","link":"https:\/\/liebiswiss.ch\/?page_id=164","title":{"rendered":"Trike"},"content":{"rendered":"\t\t<div data-elementor-type=\"wp-page\" data-elementor-id=\"164\" class=\"elementor elementor-164\">\n\t\t\t\t<div class=\"elementor-element elementor-element-2eec76e e-con-full e-flex e-con e-parent\" data-id=\"2eec76e\" data-element_type=\"container\" data-e-type=\"container\">\n\t\t\t\t<div class=\"elementor-element elementor-element-65e32f5 elementor-widget elementor-widget-heading\" data-id=\"65e32f5\" data-element_type=\"widget\" data-e-type=\"widget\" data-widget_type=\"heading.default\">\n\t\t\t\t<div class=\"elementor-widget-container\">\n\t\t\t\t\t<h2 class=\"elementor-heading-title elementor-size-default\">Das Trike - Erlebnis f\u00fcr besondere Anl\u00e4sse<\/h2>\t\t\t\t<\/div>\n\t\t\t\t<\/div>\n\t\t\t\t<div class=\"elementor-element elementor-element-cb94c48 elementor-widget elementor-widget-text-editor\" data-id=\"cb94c48\" data-element_type=\"widget\" data-e-type=\"widget\" data-widget_type=\"text-editor.default\">\n\t\t\t\t<div class=\"elementor-widget-container\">\n\t\t\t\t\t\t\t\t\t<p>In der aufregenden Welt des BOOM Muscle Trike erwartet Sie ein Ticket f\u00fcr unvergessliche Erlebnisse auf drei R\u00e4dern! Die Gelegenheit, dieses imposante Trike f\u00fcr besondere Anl\u00e4sse zu mieten, verspricht eine Extraportion Spa\u00df und Abenteuer, die Sie verschenken k\u00f6nnen.<\/p><p>\u00dcberraschen Sie Ihre besten Freunde mit einem Gutschein f\u00fcr eine unvergessliche Trike-Fahrt zu Hochzeiten, Geburtstagen, Firmenfesten und vielem mehr. Das BOOM Muscle Trike garantiert nicht nur einen Adrenalinkick, sondern auch eine geh\u00f6rige Portion Freude.<\/p><p>Wenn Sie selbst das Steuer in die Hand nehmen m\u00f6chten \u2013 kein Problem! Mit der M\u00f6glichkeit, das BOOM Muscle Trike zu mieten, k\u00f6nnen Sie die Stra\u00dfen in Ihrem eigenen Tempo erkunden. Kontaktieren Sie mich einfach f\u00fcr weitere Details und fragen Sie nach meiner Preisliste.<\/p><p>Das BOOM Muscle Trike bietet nicht nur ein au\u00dfergew\u00f6hnliches Fahrerlebnis, sondern auch die Freiheit, die Stra\u00dfen auf ganz besondere Weise zu genie\u00dfen. Erleben Sie mit mir unvergessliche Momente \u2013 mieten Sie das BOOM Muscle Trike und machen Sie Ihre Veranstaltung oder Fahrt zu einem Highlight, das in Erinnerung bleibt!<\/p>\t\t\t\t\t\t\t\t<\/div>\n\t\t\t\t<\/div>\n\t\t\t\t<div class=\"elementor-element elementor-element-7d65850 elementor-widget elementor-widget-heading\" data-id=\"7d65850\" data-element_type=\"widget\" data-e-type=\"widget\" data-widget_type=\"heading.default\">\n\t\t\t\t<div class=\"elementor-widget-container\">\n\t\t\t\t\t<h3 class=\"elementor-heading-title elementor-size-default\">Technische Daten<\/h3>\t\t\t\t<\/div>\n\t\t\t\t<\/div>\n\t\t\t\t<div class=\"elementor-element elementor-element-ae9fc69 elementor-widget elementor-widget-text-editor\" data-id=\"ae9fc69\" data-element_type=\"widget\" data-e-type=\"widget\" data-widget_type=\"text-editor.default\">\n\t\t\t\t<div class=\"elementor-widget-container\">\n\t\t\t\t\t\t\t\t\t<p>\u00a0<\/p><table><tbody><tr><th>Marke<\/th><td>BOOM Muscle Trike<\/td><\/tr><tr><th>Motor<\/th><td>Ford Zetec SE FYJA \/ 110 PS<\/td><\/tr><tr><th>Hubraum<\/th><td>1596ccm<\/td><\/tr><tr><th>Max. Geschw.<\/th><td>170 km\/h<\/td><\/tr><tr><th>Kraftstoff<\/th><td>Super bleifrei ROZ 95<\/td><\/tr><tr><th>Verbrauch<\/th><td>ca. 6.5L<\/td><\/tr><tr><th>Pl\u00e4tze<\/th><td>3<\/td><\/tr><tr><th>Ausweis<\/th><td>PW, mindestens 1 Jahr<\/td><\/tr><tr><th>Helmpflicht<\/th><td>ja<\/td><\/tr><\/tbody><\/table>\t\t\t\t\t\t\t\t<\/div>\n\t\t\t\t<\/div>\n\t\t\t\t<div class=\"elementor-element elementor-element-3e50e2d elementor-widget elementor-widget-heading\" data-id=\"3e50e2d\" data-element_type=\"widget\" data-e-type=\"widget\" data-widget_type=\"heading.default\">\n\t\t\t\t<div class=\"elementor-widget-container\">\n\t\t\t\t\t<h3 class=\"elementor-heading-title elementor-size-default\">Mieten und selber Fahren<\/h3>\t\t\t\t<\/div>\n\t\t\t\t<\/div>\n\t\t\t\t<div class=\"elementor-element elementor-element-53f4ed7 elementor-widget elementor-widget-text-editor\" data-id=\"53f4ed7\" data-element_type=\"widget\" data-e-type=\"widget\" data-widget_type=\"text-editor.default\">\n\t\t\t\t<div class=\"elementor-widget-container\">\n\t\t\t\t\t\t\t\t\t<p>Auch das ist m\u00f6glich, bitte verlangen sie die Preisliste<\/p>\t\t\t\t\t\t\t\t<\/div>\n\t\t\t\t<\/div>\n\t\t\t\t<\/div>\n\t\t<div class=\"elementor-element elementor-element-6c67f23 e-con-full e-flex e-con e-parent\" data-id=\"6c67f23\" data-element_type=\"container\" data-e-type=\"container\">\n\t\t<div class=\"elementor-element elementor-element-b6ec527 e-con-full e-flex e-con e-child\" data-id=\"b6ec527\" data-element_type=\"container\" data-e-type=\"container\">\n\t\t\t\t<div class=\"elementor-element elementor-element-13bc1af elementor-widget elementor-widget-image\" data-id=\"13bc1af\" data-element_type=\"widget\" data-e-type=\"widget\" data-widget_type=\"image.default\">\n\t\t\t\t<div class=\"elementor-widget-container\">\n\t\t\t\t\t\t\t\t\t\t\t\t\t\t\t\t<a href=\"https:\/\/liebiswiss.ch\/wp-content\/uploads\/2024\/02\/Trike-scaled.jpg\" data-elementor-open-lightbox=\"yes\" data-elementor-lightbox-title=\"Trike\" data-e-action-hash=\"#elementor-action%3Aaction%3Dlightbox%26settings%3DeyJpZCI6MTM0LCJ1cmwiOiJodHRwczpcL1wvbGllYmlzd2lzcy5jaFwvd3AtY29udGVudFwvdXBsb2Fkc1wvMjAyNFwvMDJcL1RyaWtlLXNjYWxlZC5qcGcifQ%3D%3D\">\n\t\t\t\t\t\t\t<img fetchpriority=\"high\" decoding=\"async\" width=\"640\" height=\"480\" src=\"https:\/\/liebiswiss.ch\/wp-content\/uploads\/2024\/02\/Trike-1024x768.jpg\" class=\"attachment-large size-large wp-image-134\" alt=\"\" srcset=\"https:\/\/liebiswiss.ch\/wp-content\/uploads\/2024\/02\/Trike-1024x768.jpg 1024w, https:\/\/liebiswiss.ch\/wp-content\/uploads\/2024\/02\/Trike-300x225.jpg 300w, https:\/\/liebiswiss.ch\/wp-content\/uploads\/2024\/02\/Trike-768x576.jpg 768w, https:\/\/liebiswiss.ch\/wp-content\/uploads\/2024\/02\/Trike-1536x1152.jpg 1536w, https:\/\/liebiswiss.ch\/wp-content\/uploads\/2024\/02\/Trike-2048x1536.jpg 2048w\" sizes=\"(max-width: 640px) 100vw, 640px\" \/>\t\t\t\t\t\t\t\t<\/a>\n\t\t\t\t\t\t\t\t\t\t\t\t\t\t\t<\/div>\n\t\t\t\t<\/div>\n\t\t\t\t<\/div>\n\t\t<div class=\"elementor-element elementor-element-f9efd84 e-con-full e-flex e-con e-child\" data-id=\"f9efd84\" data-element_type=\"container\" data-e-type=\"container\">\n\t\t\t\t<div class=\"elementor-element elementor-element-152c72e elementor-widget elementor-widget-heading\" data-id=\"152c72e\" data-element_type=\"widget\" data-e-type=\"widget\" data-widget_type=\"heading.default\">\n\t\t\t\t<div class=\"elementor-widget-container\">\n\t\t\t\t\t<h4 class=\"elementor-heading-title elementor-size-default\">Adresse des Vermieters<\/h4>\t\t\t\t<\/div>\n\t\t\t\t<\/div>\n\t\t\t\t<div class=\"elementor-element elementor-element-a3fb508 elementor-widget elementor-widget-text-editor\" data-id=\"a3fb508\" data-element_type=\"widget\" data-e-type=\"widget\" data-widget_type=\"text-editor.default\">\n\t\t\t\t<div class=\"elementor-widget-container\">\n\t\t\t\t\t\t\t\t\t<p>Roger Liebi &amp; M\u00e4dy Germann<br \/>Spiegel 2<br \/>CH-3633 Amsoldingen BE<br \/>Mobile +41 (0)79 331 64 62<\/p><p>E-Mail:\u00a0<a href=\"mailto:liebi_roger@bluewin.ch\">liebi_roger@bluewin.ch<\/a><\/p>\t\t\t\t\t\t\t\t<\/div>\n\t\t\t\t<\/div>\n\t\t\t\t<\/div>\n\t\t\t\t<\/div>\n\t\t\t\t<\/div>\n\t\t","protected":false},"excerpt":{"rendered":"<p>Das Trike &#8211; Erlebnis f\u00fcr besondere Anl\u00e4sse In der aufregenden Welt des BOOM Muscle Trike erwartet Sie ein Ticket f\u00fcr unvergessliche Erlebnisse auf drei R\u00e4dern! [&hellip;]<\/p>\n","protected":false},"author":1,"featured_media":0,"parent":26,"menu_order":3,"comment_status":"closed","ping_status":"closed","template":"","meta":{"footnotes":""},"class_list":["post-164","page","type-page","status-publish","hentry"],"_links":{"self":[{"href":"https:\/\/liebiswiss.ch\/index.php?rest_route=\/wp\/v2\/pages\/164","targetHints":{"allow":["GET"]}}],"collection":[{"href":"https:\/\/liebiswiss.ch\/index.php?rest_route=\/wp\/v2\/pages"}],"about":[{"href":"https:\/\/liebiswiss.ch\/index.php?rest_route=\/wp\/v2\/types\/page"}],"author":[{"embeddable":true,"href":"https:\/\/liebiswiss.ch\/index.php?rest_route=\/wp\/v2\/users\/1"}],"replies":[{"embeddable":true,"href":"https:\/\/liebiswiss.ch\/index.php?rest_route=%2Fwp%2Fv2%2Fcomments&post=164"}],"version-history":[{"count":16,"href":"https:\/\/liebiswiss.ch\/index.php?rest_route=\/wp\/v2\/pages\/164\/revisions"}],"predecessor-version":[{"id":451,"href":"https:\/\/liebiswiss.ch\/index.php?rest_route=\/wp\/v2\/pages\/164\/revisions\/451"}],"up":[{"embeddable":true,"href":"https:\/\/liebiswiss.ch\/index.php?rest_route=\/wp\/v2\/pages\/26"}],"wp:attachment":[{"href":"https:\/\/liebiswiss.ch\/index.php?rest_route=%2Fwp%2Fv2%2Fmedia&parent=164"}],"curies":[{"name":"wp","href":"https:\/\/api.w.org\/{rel}","templated":true}]}}