{"id":162,"date":"2024-02-02T11:50:42","date_gmt":"2024-02-02T11:50:42","guid":{"rendered":"https:\/\/liebiswiss.ch\/?page_id=162"},"modified":"2024-02-21T13:45:39","modified_gmt":"2024-02-21T13:45:39","slug":"rock-smoke","status":"publish","type":"page","link":"https:\/\/liebiswiss.ch\/?page_id=162","title":{"rendered":"Rock-Smoke"},"content":{"rendered":"\t\t<div data-elementor-type=\"wp-page\" data-elementor-id=\"162\" class=\"elementor elementor-162\">\n\t\t\t\t<div class=\"elementor-element elementor-element-463880b e-con-full e-flex e-con e-parent\" data-id=\"463880b\" data-element_type=\"container\" data-e-type=\"container\">\n\t\t\t\t<div class=\"elementor-element elementor-element-c7ada06 elementor-widget elementor-widget-heading\" data-id=\"c7ada06\" data-element_type=\"widget\" data-e-type=\"widget\" data-widget_type=\"heading.default\">\n\t\t\t\t<div class=\"elementor-widget-container\">\n\t\t\t\t\t<h2 class=\"elementor-heading-title elementor-size-default\">Rock-Smoke<\/h2>\t\t\t\t<\/div>\n\t\t\t\t<\/div>\n\t\t\t\t<div class=\"elementor-element elementor-element-491a0fc elementor-widget elementor-widget-text-editor\" data-id=\"491a0fc\" data-element_type=\"widget\" data-e-type=\"widget\" data-widget_type=\"text-editor.default\">\n\t\t\t\t<div class=\"elementor-widget-container\">\n\t\t\t\t\t\t\t\t\t<p>Erforschen Sie die raffinierte Welt von Rock-Smoke \u2013 mein eigens kreierter BBQ-Ofen, der die Kunst des Smokens auf ein unvergleichliches Niveau hebt. Dieser imposante Smoker wurde in meiner fr\u00fcheren Unternehmung, der &#8222;ROMO Edelstahlbau AG&#8220;, von meiner Hand erschaffen und ist perfekt dimensioniert, um auf einen Anh\u00e4nger zu passen.<\/p><p>Die einzigartige M\u00f6glichkeit, diesen individuell gestalteten Smoker f\u00fcr besondere Anl\u00e4sse oder Partys zu mieten, er\u00f6ffnet Ihnen eine kulinarische Reise der Extraklasse. Rock-Smoke verspricht nicht nur erstklassige Ergebnisse, sondern auch eine unverkennbare Note, die jede Veranstaltung in ein unvergessliches Erlebnis verwandelt. Erfahren Sie, wie dieser handgefertigte Smoker Ihre BBQ-Erfahrung auf ein neues Level hebt.<\/p><p>Neben der herausragenden Qualit\u00e4t des Smokers stehe ich pers\u00f6nlich zur Verf\u00fcgung, um Ihre Veranstaltung mit einem Hauch von Professionalit\u00e4t zu bereichern. Kontaktieren Sie mich f\u00fcr detaillierte Informationen und eine Preis\u00fcbersicht. Rock-Smoke ist bereit, Ihre kulinarischen Vorstellungen zu verwirklichen und Ihre G\u00e4ste mit rauchigen Aromen und einem H\u00f6chstma\u00df an Individualit\u00e4t zu beeindrucken.<\/p>\t\t\t\t\t\t\t\t<\/div>\n\t\t\t\t<\/div>\n\t\t\t\t<\/div>\n\t\t<div class=\"elementor-element elementor-element-e25eca4 e-con-full e-flex e-con e-parent\" data-id=\"e25eca4\" data-element_type=\"container\" data-e-type=\"container\">\n\t\t<div class=\"elementor-element elementor-element-bfcf21c e-con-full e-flex e-con e-child\" data-id=\"bfcf21c\" data-element_type=\"container\" data-e-type=\"container\">\n\t\t\t\t<div class=\"elementor-element elementor-element-f6867ee gallery-spacing-custom elementor-widget elementor-widget-image-gallery\" data-id=\"f6867ee\" data-element_type=\"widget\" data-e-type=\"widget\" data-widget_type=\"image-gallery.default\">\n\t\t\t\t<div class=\"elementor-widget-container\">\n\t\t\t\t\t\t\t<div class=\"elementor-image-gallery\">\n\t\t\t\n\t\t<style type=\"text\/css\">\n\t\t\t#gallery-1 {\n\t\t\t\tmargin: auto;\n\t\t\t}\n\t\t\t#gallery-1 .gallery-item {\n\t\t\t\tfloat: left;\n\t\t\t\tmargin-top: 10px;\n\t\t\t\ttext-align: center;\n\t\t\t\twidth: 100%;\n\t\t\t}\n\t\t\t#gallery-1 img {\n\t\t\t\tborder: 2px solid #cfcfcf;\n\t\t\t}\n\t\t\t#gallery-1 .gallery-caption {\n\t\t\t\tmargin-left: 0;\n\t\t\t}\n\t\t\t\/* see gallery_shortcode() in wp-includes\/media.php *\/\n\t\t<\/style>\n\t\t<div id='gallery-1' class='gallery galleryid-162 gallery-columns-1 gallery-size-medium'><dl class='gallery-item'>\n\t\t\t<dt class='gallery-icon landscape'>\n\t\t\t\t<a data-elementor-open-lightbox=\"yes\" data-elementor-lightbox-slideshow=\"f6867ee\" data-elementor-lightbox-title=\"8\" data-e-action-hash=\"#elementor-action%3Aaction%3Dlightbox%26settings%3DeyJpZCI6MTMzLCJ1cmwiOiJodHRwczpcL1wvbGllYmlzd2lzcy5jaFwvd3AtY29udGVudFwvdXBsb2Fkc1wvMjAyNFwvMDJcLzgtc2NhbGVkLmpwZyIsInNsaWRlc2hvdyI6ImY2ODY3ZWUifQ%3D%3D\" href='https:\/\/liebiswiss.ch\/wp-content\/uploads\/2024\/02\/8-scaled.jpg'><img fetchpriority=\"high\" decoding=\"async\" width=\"300\" height=\"225\" src=\"https:\/\/liebiswiss.ch\/wp-content\/uploads\/2024\/02\/8-300x225.jpg\" class=\"attachment-medium size-medium\" alt=\"\" srcset=\"https:\/\/liebiswiss.ch\/wp-content\/uploads\/2024\/02\/8-300x225.jpg 300w, https:\/\/liebiswiss.ch\/wp-content\/uploads\/2024\/02\/8-1024x768.jpg 1024w, https:\/\/liebiswiss.ch\/wp-content\/uploads\/2024\/02\/8-768x576.jpg 768w, https:\/\/liebiswiss.ch\/wp-content\/uploads\/2024\/02\/8-1536x1152.jpg 1536w, https:\/\/liebiswiss.ch\/wp-content\/uploads\/2024\/02\/8-2048x1536.jpg 2048w\" sizes=\"(max-width: 300px) 100vw, 300px\" \/><\/a>\n\t\t\t<\/dt><\/dl><br style=\"clear: both\" \/><dl class='gallery-item'>\n\t\t\t<dt class='gallery-icon portrait'>\n\t\t\t\t<a data-elementor-open-lightbox=\"yes\" data-elementor-lightbox-slideshow=\"f6867ee\" data-elementor-lightbox-title=\"7\" data-e-action-hash=\"#elementor-action%3Aaction%3Dlightbox%26settings%3DeyJpZCI6MTMyLCJ1cmwiOiJodHRwczpcL1wvbGllYmlzd2lzcy5jaFwvd3AtY29udGVudFwvdXBsb2Fkc1wvMjAyNFwvMDJcLzctc2NhbGVkLmpwZyIsInNsaWRlc2hvdyI6ImY2ODY3ZWUifQ%3D%3D\" href='https:\/\/liebiswiss.ch\/wp-content\/uploads\/2024\/02\/7-scaled.jpg'><img decoding=\"async\" width=\"225\" height=\"300\" src=\"https:\/\/liebiswiss.ch\/wp-content\/uploads\/2024\/02\/7-225x300.jpg\" class=\"attachment-medium size-medium\" alt=\"\" srcset=\"https:\/\/liebiswiss.ch\/wp-content\/uploads\/2024\/02\/7-225x300.jpg 225w, https:\/\/liebiswiss.ch\/wp-content\/uploads\/2024\/02\/7-768x1024.jpg 768w, https:\/\/liebiswiss.ch\/wp-content\/uploads\/2024\/02\/7-1152x1536.jpg 1152w, https:\/\/liebiswiss.ch\/wp-content\/uploads\/2024\/02\/7-1536x2048.jpg 1536w, https:\/\/liebiswiss.ch\/wp-content\/uploads\/2024\/02\/7-scaled.jpg 1920w\" sizes=\"(max-width: 225px) 100vw, 225px\" \/><\/a>\n\t\t\t<\/dt><\/dl><br style=\"clear: both\" \/><dl class='gallery-item'>\n\t\t\t<dt class='gallery-icon portrait'>\n\t\t\t\t<a data-elementor-open-lightbox=\"yes\" data-elementor-lightbox-slideshow=\"f6867ee\" data-elementor-lightbox-title=\"6\" data-e-action-hash=\"#elementor-action%3Aaction%3Dlightbox%26settings%3DeyJpZCI6MTMxLCJ1cmwiOiJodHRwczpcL1wvbGllYmlzd2lzcy5jaFwvd3AtY29udGVudFwvdXBsb2Fkc1wvMjAyNFwvMDJcLzYtc2NhbGVkLmpwZyIsInNsaWRlc2hvdyI6ImY2ODY3ZWUifQ%3D%3D\" href='https:\/\/liebiswiss.ch\/wp-content\/uploads\/2024\/02\/6-scaled.jpg'><img decoding=\"async\" width=\"225\" height=\"300\" src=\"https:\/\/liebiswiss.ch\/wp-content\/uploads\/2024\/02\/6-225x300.jpg\" class=\"attachment-medium size-medium\" alt=\"\" srcset=\"https:\/\/liebiswiss.ch\/wp-content\/uploads\/2024\/02\/6-225x300.jpg 225w, https:\/\/liebiswiss.ch\/wp-content\/uploads\/2024\/02\/6-768x1024.jpg 768w, https:\/\/liebiswiss.ch\/wp-content\/uploads\/2024\/02\/6-1152x1536.jpg 1152w, https:\/\/liebiswiss.ch\/wp-content\/uploads\/2024\/02\/6-1536x2048.jpg 1536w, https:\/\/liebiswiss.ch\/wp-content\/uploads\/2024\/02\/6-scaled.jpg 1920w\" sizes=\"(max-width: 225px) 100vw, 225px\" \/><\/a>\n\t\t\t<\/dt><\/dl><br style=\"clear: both\" \/><dl class='gallery-item'>\n\t\t\t<dt class='gallery-icon portrait'>\n\t\t\t\t<a data-elementor-open-lightbox=\"yes\" data-elementor-lightbox-slideshow=\"f6867ee\" data-elementor-lightbox-title=\"5\" data-e-action-hash=\"#elementor-action%3Aaction%3Dlightbox%26settings%3DeyJpZCI6MTMwLCJ1cmwiOiJodHRwczpcL1wvbGllYmlzd2lzcy5jaFwvd3AtY29udGVudFwvdXBsb2Fkc1wvMjAyNFwvMDJcLzUtc2NhbGVkLmpwZyIsInNsaWRlc2hvdyI6ImY2ODY3ZWUifQ%3D%3D\" href='https:\/\/liebiswiss.ch\/wp-content\/uploads\/2024\/02\/5-scaled.jpg'><img loading=\"lazy\" decoding=\"async\" width=\"225\" height=\"300\" src=\"https:\/\/liebiswiss.ch\/wp-content\/uploads\/2024\/02\/5-225x300.jpg\" class=\"attachment-medium size-medium\" alt=\"\" srcset=\"https:\/\/liebiswiss.ch\/wp-content\/uploads\/2024\/02\/5-225x300.jpg 225w, https:\/\/liebiswiss.ch\/wp-content\/uploads\/2024\/02\/5-768x1024.jpg 768w, https:\/\/liebiswiss.ch\/wp-content\/uploads\/2024\/02\/5-1152x1536.jpg 1152w, https:\/\/liebiswiss.ch\/wp-content\/uploads\/2024\/02\/5-1536x2048.jpg 1536w, https:\/\/liebiswiss.ch\/wp-content\/uploads\/2024\/02\/5-scaled.jpg 1920w\" sizes=\"(max-width: 225px) 100vw, 225px\" \/><\/a>\n\t\t\t<\/dt><\/dl><br style=\"clear: both\" \/><dl class='gallery-item'>\n\t\t\t<dt class='gallery-icon landscape'>\n\t\t\t\t<a data-elementor-open-lightbox=\"yes\" data-elementor-lightbox-slideshow=\"f6867ee\" data-elementor-lightbox-title=\"4\" data-e-action-hash=\"#elementor-action%3Aaction%3Dlightbox%26settings%3DeyJpZCI6MTI5LCJ1cmwiOiJodHRwczpcL1wvbGllYmlzd2lzcy5jaFwvd3AtY29udGVudFwvdXBsb2Fkc1wvMjAyNFwvMDJcLzQtc2NhbGVkLmpwZyIsInNsaWRlc2hvdyI6ImY2ODY3ZWUifQ%3D%3D\" href='https:\/\/liebiswiss.ch\/wp-content\/uploads\/2024\/02\/4-scaled.jpg'><img loading=\"lazy\" decoding=\"async\" width=\"300\" height=\"225\" src=\"https:\/\/liebiswiss.ch\/wp-content\/uploads\/2024\/02\/4-300x225.jpg\" class=\"attachment-medium size-medium\" alt=\"\" srcset=\"https:\/\/liebiswiss.ch\/wp-content\/uploads\/2024\/02\/4-300x225.jpg 300w, https:\/\/liebiswiss.ch\/wp-content\/uploads\/2024\/02\/4-1024x768.jpg 1024w, https:\/\/liebiswiss.ch\/wp-content\/uploads\/2024\/02\/4-768x576.jpg 768w, https:\/\/liebiswiss.ch\/wp-content\/uploads\/2024\/02\/4-1536x1152.jpg 1536w, https:\/\/liebiswiss.ch\/wp-content\/uploads\/2024\/02\/4-2048x1536.jpg 2048w\" sizes=\"(max-width: 300px) 100vw, 300px\" \/><\/a>\n\t\t\t<\/dt><\/dl><br style=\"clear: both\" \/><dl class='gallery-item'>\n\t\t\t<dt class='gallery-icon portrait'>\n\t\t\t\t<a data-elementor-open-lightbox=\"yes\" data-elementor-lightbox-slideshow=\"f6867ee\" data-elementor-lightbox-title=\"3\" data-e-action-hash=\"#elementor-action%3Aaction%3Dlightbox%26settings%3DeyJpZCI6MTI4LCJ1cmwiOiJodHRwczpcL1wvbGllYmlzd2lzcy5jaFwvd3AtY29udGVudFwvdXBsb2Fkc1wvMjAyNFwvMDJcLzMtc2NhbGVkLmpwZyIsInNsaWRlc2hvdyI6ImY2ODY3ZWUifQ%3D%3D\" href='https:\/\/liebiswiss.ch\/wp-content\/uploads\/2024\/02\/3-scaled.jpg'><img loading=\"lazy\" decoding=\"async\" width=\"225\" height=\"300\" src=\"https:\/\/liebiswiss.ch\/wp-content\/uploads\/2024\/02\/3-225x300.jpg\" class=\"attachment-medium size-medium\" alt=\"\" srcset=\"https:\/\/liebiswiss.ch\/wp-content\/uploads\/2024\/02\/3-225x300.jpg 225w, https:\/\/liebiswiss.ch\/wp-content\/uploads\/2024\/02\/3-768x1024.jpg 768w, https:\/\/liebiswiss.ch\/wp-content\/uploads\/2024\/02\/3-1152x1536.jpg 1152w, https:\/\/liebiswiss.ch\/wp-content\/uploads\/2024\/02\/3-1536x2048.jpg 1536w, https:\/\/liebiswiss.ch\/wp-content\/uploads\/2024\/02\/3-scaled.jpg 1920w\" sizes=\"(max-width: 225px) 100vw, 225px\" \/><\/a>\n\t\t\t<\/dt><\/dl><br style=\"clear: both\" \/><dl class='gallery-item'>\n\t\t\t<dt class='gallery-icon landscape'>\n\t\t\t\t<a data-elementor-open-lightbox=\"yes\" data-elementor-lightbox-slideshow=\"f6867ee\" data-elementor-lightbox-title=\"1\" data-e-action-hash=\"#elementor-action%3Aaction%3Dlightbox%26settings%3DeyJpZCI6MTI3LCJ1cmwiOiJodHRwczpcL1wvbGllYmlzd2lzcy5jaFwvd3AtY29udGVudFwvdXBsb2Fkc1wvMjAyNFwvMDJcLzEtc2NhbGVkLmpwZyIsInNsaWRlc2hvdyI6ImY2ODY3ZWUifQ%3D%3D\" href='https:\/\/liebiswiss.ch\/wp-content\/uploads\/2024\/02\/1-scaled.jpg'><img loading=\"lazy\" decoding=\"async\" width=\"300\" height=\"225\" src=\"https:\/\/liebiswiss.ch\/wp-content\/uploads\/2024\/02\/1-300x225.jpg\" class=\"attachment-medium size-medium\" alt=\"\" srcset=\"https:\/\/liebiswiss.ch\/wp-content\/uploads\/2024\/02\/1-300x225.jpg 300w, https:\/\/liebiswiss.ch\/wp-content\/uploads\/2024\/02\/1-1024x768.jpg 1024w, https:\/\/liebiswiss.ch\/wp-content\/uploads\/2024\/02\/1-768x576.jpg 768w, https:\/\/liebiswiss.ch\/wp-content\/uploads\/2024\/02\/1-1536x1152.jpg 1536w, https:\/\/liebiswiss.ch\/wp-content\/uploads\/2024\/02\/1-2048x1536.jpg 2048w\" sizes=\"(max-width: 300px) 100vw, 300px\" \/><\/a>\n\t\t\t<\/dt><\/dl><br style=\"clear: both\" \/>\n\t\t<\/div>\n\t\t<\/div>\n\t\t\t\t\t\t<\/div>\n\t\t\t\t<\/div>\n\t\t\t\t<\/div>\n\t\t<div class=\"elementor-element elementor-element-2d5c12e e-con-full e-flex e-con e-child\" data-id=\"2d5c12e\" data-element_type=\"container\" data-e-type=\"container\">\n\t\t\t\t<div class=\"elementor-element elementor-element-8c9915e elementor-widget elementor-widget-text-editor\" data-id=\"8c9915e\" data-element_type=\"widget\" data-e-type=\"widget\" data-widget_type=\"text-editor.default\">\n\t\t\t\t<div class=\"elementor-widget-container\">\n\t\t\t\t\t\t\t\t\t<p>F\u00fcr eine unvergleichliche BBQ-Erfahrung mit Rock-Smoke steht Ihnen die M\u00f6glichkeit offen, diesen einzigartigen Smoker f\u00fcr Ihre Veranstaltung zu mieten. Kontaktieren Sie mich f\u00fcr detaillierte Informationen, Preise und um sicherzustellen, dass Ihr Event mit Rock-Smoke zu einem unvergesslichen kulinarischen Highlight wird. Ich stehe Ihnen gerne zur Verf\u00fcgung.<\/p>\t\t\t\t\t\t\t\t<\/div>\n\t\t\t\t<\/div>\n\t\t\t\t<\/div>\n\t\t<div class=\"elementor-element elementor-element-9778b00 e-con-full e-flex e-con e-child\" data-id=\"9778b00\" data-element_type=\"container\" data-e-type=\"container\">\n\t\t\t\t<div class=\"elementor-element elementor-element-0452a17 elementor-widget elementor-widget-text-editor\" data-id=\"0452a17\" data-element_type=\"widget\" data-e-type=\"widget\" data-widget_type=\"text-editor.default\">\n\t\t\t\t<div class=\"elementor-widget-container\">\n\t\t\t\t\t\t\t\t\t<p><strong>Roger Liebi &amp; M\u00e4dy Germann<\/strong><br \/>Spiegel 2<br \/>CH-3633 Amsoldingen BE<br \/>Mobile +41 (0)79 331 64 62<\/p><p>E-Mail:\u00a0<a href=\"mailto:liebi_roger@bluewin.ch\">liebi_roger@bluewin.ch<\/a><\/p>\t\t\t\t\t\t\t\t<\/div>\n\t\t\t\t<\/div>\n\t\t\t\t<\/div>\n\t\t<div class=\"elementor-element elementor-element-18f1034 e-con-full e-flex e-con e-child\" data-id=\"18f1034\" data-element_type=\"container\" data-e-type=\"container\">\n\t\t\t\t<\/div>\n\t\t<div class=\"elementor-element elementor-element-173d813 e-con-full e-flex e-con e-child\" data-id=\"173d813\" data-element_type=\"container\" data-e-type=\"container\">\n\t\t\t\t<\/div>\n\t\t<div class=\"elementor-element elementor-element-ac60194 e-con-full e-flex e-con e-child\" data-id=\"ac60194\" data-element_type=\"container\" data-e-type=\"container\">\n\t\t\t\t<\/div>\n\t\t\t\t<\/div>\n\t\t\t\t<\/div>\n\t\t","protected":false},"excerpt":{"rendered":"<p>Rock-Smoke Erforschen Sie die raffinierte Welt von Rock-Smoke \u2013 mein eigens kreierter BBQ-Ofen, der die Kunst des Smokens auf ein unvergleichliches Niveau hebt. Dieser imposante [&hellip;]<\/p>\n","protected":false},"author":1,"featured_media":0,"parent":26,"menu_order":2,"comment_status":"closed","ping_status":"closed","template":"","meta":{"footnotes":""},"class_list":["post-162","page","type-page","status-publish","hentry"],"_links":{"self":[{"href":"https:\/\/liebiswiss.ch\/index.php?rest_route=\/wp\/v2\/pages\/162","targetHints":{"allow":["GET"]}}],"collection":[{"href":"https:\/\/liebiswiss.ch\/index.php?rest_route=\/wp\/v2\/pages"}],"about":[{"href":"https:\/\/liebiswiss.ch\/index.php?rest_route=\/wp\/v2\/types\/page"}],"author":[{"embeddable":true,"href":"https:\/\/liebiswiss.ch\/index.php?rest_route=\/wp\/v2\/users\/1"}],"replies":[{"embeddable":true,"href":"https:\/\/liebiswiss.ch\/index.php?rest_route=%2Fwp%2Fv2%2Fcomments&post=162"}],"version-history":[{"count":22,"href":"https:\/\/liebiswiss.ch\/index.php?rest_route=\/wp\/v2\/pages\/162\/revisions"}],"predecessor-version":[{"id":664,"href":"https:\/\/liebiswiss.ch\/index.php?rest_route=\/wp\/v2\/pages\/162\/revisions\/664"}],"up":[{"embeddable":true,"href":"https:\/\/liebiswiss.ch\/index.php?rest_route=\/wp\/v2\/pages\/26"}],"wp:attachment":[{"href":"https:\/\/liebiswiss.ch\/index.php?rest_route=%2Fwp%2Fv2%2Fmedia&parent=162"}],"curies":[{"name":"wp","href":"https:\/\/api.w.org\/{rel}","templated":true}]}}